{"id":2932,"date":"2019-12-31T15:57:03","date_gmt":"2019-12-31T13:57:03","guid":{"rendered":"http:\/\/www.posaunenchor-essen-altendorf.de\/?page_id=2932"},"modified":"2024-02-04T13:01:49","modified_gmt":"2024-02-04T11:01:49","slug":"impressum","status":"publish","type":"page","link":"http:\/\/www.posaunenchor-essen-altendorf.de\/?page_id=2932","title":{"rendered":"Impressum"},"content":{"rendered":"\n<p><strong>Wer wir sind<\/strong>:<br>Posaunenchor Essen-Altendorf<\/p>\n\n\n\n<p><strong>Leitung<\/strong>:<br>Sabine Aldenhoven<br>Evangelische Lutherkirchengemeinde Essen-Altendorf<br>R\u00f6ntgenstr. 14<br>45143 Essen<\/p>\n\n\n\n<p><strong>Urheberrecht\/Copyright<\/strong>:<br>Alle Inhalte dieser Webpr\u00e4senz, insbesondere Texte und Fotografien, sind urheberrechtlich gesch\u00fctzt. Das Urheberrecht liegt beim Posaunenchor Essen-Altendorf. Wer gegen das Urheberrecht verst\u00f6\u00dft (z.B. Texte oder Bilder unerlaubt kopiert), macht sich gem\u00e4\u00df \u00a7\u00a7 106ff UrhG strafbar.<\/p>\n","protected":false},"excerpt":{"rendered":"<p>Wer wir sind:Posaunenchor Essen-Altendorf Leitung:Sabine AldenhovenEvangelische Lutherkirchengemeinde Essen-AltendorfR\u00f6ntgenstr. 1445143 Essen Urheberrecht\/Copyright:Alle Inhalte dieser Webpr\u00e4senz, insbesondere Texte und Fotografien, sind urheberrechtlich gesch\u00fctzt. Das Urheberrecht liegt beim Posaunenchor Essen-Altendorf. Wer gegen das Urheberrecht verst\u00f6\u00dft (z.B. Texte oder Bilder unerlaubt kopiert), macht sich &hellip; <a href=\"http:\/\/www.posaunenchor-essen-altendorf.de\/?page_id=2932\">Weiterlesen <span class=\"meta-nav\">&rarr;<\/span><\/a><\/p>\n","protected":false},"author":1,"featured_media":0,"parent":0,"menu_order":0,"comment_status":"closed","ping_status":"closed","template":"","meta":{"ngg_post_thumbnail":0,"footnotes":""},"class_list":["post-2932","page","type-page","status-publish","hentry"],"_links":{"self":[{"href":"http:\/\/www.posaunenchor-essen-altendorf.de\/index.php?rest_route=\/wp\/v2\/pages\/2932","targetHints":{"allow":["GET"]}}],"collection":[{"href":"http:\/\/www.posaunenchor-essen-altendorf.de\/index.php?rest_route=\/wp\/v2\/pages"}],"about":[{"href":"http:\/\/www.posaunenchor-essen-altendorf.de\/index.php?rest_route=\/wp\/v2\/types\/page"}],"author":[{"embeddable":true,"href":"http:\/\/www.posaunenchor-essen-altendorf.de\/index.php?rest_route=\/wp\/v2\/users\/1"}],"replies":[{"embeddable":true,"href":"http:\/\/www.posaunenchor-essen-altendorf.de\/index.php?rest_route=%2Fwp%2Fv2%2Fcomments&post=2932"}],"version-history":[{"count":2,"href":"http:\/\/www.posaunenchor-essen-altendorf.de\/index.php?rest_route=\/wp\/v2\/pages\/2932\/revisions"}],"predecessor-version":[{"id":3105,"href":"http:\/\/www.posaunenchor-essen-altendorf.de\/index.php?rest_route=\/wp\/v2\/pages\/2932\/revisions\/3105"}],"wp:attachment":[{"href":"http:\/\/www.posaunenchor-essen-altendorf.de\/index.php?rest_route=%2Fwp%2Fv2%2Fmedia&parent=2932"}],"curies":[{"name":"wp","href":"https:\/\/api.w.org\/{rel}","templated":true}]}}